{"id":2041,"date":"2015-02-20T20:12:13","date_gmt":"2015-02-20T20:12:13","guid":{"rendered":"https:\/\/rosemberglaw.com\/attorney-profile\/"},"modified":"2024-10-10T15:33:46","modified_gmt":"2024-10-10T15:33:46","slug":"david-rosemberg","status":"publish","type":"page","link":"https:\/\/www.rosemberglaw.com\/es\/david-rosemberg\/","title":{"rendered":"David Rosemberg"},"content":{"rendered":"<div class=\"fusion-fullwidth fullwidth-box fusion-builder-row-1 hundred-percent-fullwidth non-hundred-percent-height-scrolling\" style=\"--awb-background-position:left top;--awb-border-sizes-top:0px;--awb-border-sizes-bottom:0px;--awb-border-sizes-left:0px;--awb-border-sizes-right:0px;--awb-border-radius-top-left:0px;--awb-border-radius-top-right:0px;--awb-border-radius-bottom-right:0px;--awb-border-radius-bottom-left:0px;--awb-padding-top:50px;--awb-padding-right:50px;--awb-padding-bottom:0px;--awb-padding-left:50px;--awb-margin-top:0px;--awb-margin-bottom:0pxx;--awb-flex-wrap:wrap;\" ><div class=\"fusion-builder-row fusion-row\"><div class=\"fusion-layout-column fusion_builder_column fusion-builder-column-0 fusion_builder_column_1_4 1_4 fusion-one-fourth fusion-column-first profile_picture_wrapper\" style=\"--awb-padding-bottom:0px;--awb-bg-size:cover;--awb-margin-bottom:0px;width:25%;width:calc(25% - ( ( 4% ) * 0.25 ) );margin-right: 4%;\"><div class=\"fusion-column-wrapper fusion-flex-column-wrapper-legacy\"><div class=\"fusion-image-element fusion-image-align-center in-legacy-container\" style=\"text-align:center;--awb-max-width:400px;--awb-caption-title-font-family:var(--h2_typography-font-family);--awb-caption-title-font-weight:var(--h2_typography-font-weight);--awb-caption-title-font-style:var(--h2_typography-font-style);--awb-caption-title-size:var(--h2_typography-font-size);--awb-caption-title-transform:var(--h2_typography-text-transform);--awb-caption-title-line-height:var(--h2_typography-line-height);--awb-caption-title-letter-spacing:var(--h2_typography-letter-spacing);\"><div class=\"imageframe-align-center\"><span class=\" fusion-imageframe imageframe-none imageframe-1 hover-type-none\" style=\"border-radius:50%;\"><img data-recalc-dims=\"1\" fetchpriority=\"high\" fetchpriority=\"high\" decoding=\"async\" width=\"520\" height=\"758\" title=\"New-Foto-David-Rosemberg\" src=\"https:\/\/i0.wp.com\/www.rosemberglaw.com\/wp-content\/uploads\/2022\/07\/New-Foto-David-Rosemberg.jpg?resize=520%2C758&#038;ssl=1\" alt class=\"img-responsive wp-image-2744\" srcset=\"https:\/\/i0.wp.com\/www.rosemberglaw.com\/wp-content\/uploads\/2022\/07\/New-Foto-David-Rosemberg.jpg?resize=200%2C292&amp;ssl=1 200w, https:\/\/i0.wp.com\/www.rosemberglaw.com\/wp-content\/uploads\/2022\/07\/New-Foto-David-Rosemberg.jpg?resize=206%2C300&amp;ssl=1 206w, https:\/\/i0.wp.com\/www.rosemberglaw.com\/wp-content\/uploads\/2022\/07\/New-Foto-David-Rosemberg.jpg?resize=400%2C583&amp;ssl=1 400w, https:\/\/i0.wp.com\/www.rosemberglaw.com\/wp-content\/uploads\/2022\/07\/New-Foto-David-Rosemberg.jpg?w=520&amp;ssl=1 520w\" sizes=\"(max-width: 800px) 100vw, 400px\" \/><\/span><\/div><\/div><div class=\"fusion-text fusion-text-1\"><p style=\"text-align: center;\"><a href=\"mailto:david@rosemberglaw.com\" target=\"_blank\" rel=\"noopener noreferrer\">david@rosemberglaw.com<\/a><\/p>\n<\/div><div class=\"fusion-clearfix\"><\/div><\/div><\/div><div class=\"fusion-layout-column fusion_builder_column fusion-builder-column-1 fusion_builder_column_3_4 3_4 fusion-three-fourth fusion-column-last\" style=\"--awb-bg-size:cover;--awb-margin-bottom:0px;width:75%;width:calc(75% - ( ( 4% ) * 0.75 ) );\"><div class=\"fusion-column-wrapper fusion-flex-column-wrapper-legacy\"><div class=\"fusion-text fusion-text-2 lawyer_name\"><h1 style=\"color: #000000;\">David B. Rosemberg, Esq.<\/h1>\n<\/div><div class=\"fusion-text fusion-text-3 lawyer_activities\"><h2 style=\"font-size: 16px; text-transform: none;\">Socio Fundador<\/h2>\n<\/div><div class=\"fusion-tabs fusion-tabs-1 clean nav-is-justified horizontal-tabs icon-position-left mobile-mode-accordion\" style=\"--awb-title-border-radius-top-left:0px;--awb-title-border-radius-top-right:0px;--awb-title-border-radius-bottom-right:0px;--awb-title-border-radius-bottom-left:0px;--awb-alignment:start;--awb-inactive-color:#ebeaea;--awb-background-color:#ffffff;--awb-border-color:#ebeaea;--awb-active-border-color:#1977f7;\"><div class=\"nav\"><ul class=\"nav-tabs nav-justified\" role=\"tablist\" aria-orientation=\"horizontal\"><li class=\"active\" role=\"presentation\"><a class=\"tab-link\" data-toggle=\"tab\" role=\"tab\" aria-controls=\"tab-ad2283880e9acae98ea\" aria-selected=\"true\" tabindex=\"0\" id=\"fusion-tab-ad2283880e9acae98ea\" href=\"#tab-ad2283880e9acae98ea\"><h3 class=\"fusion-tab-heading\">Perfil<\/h3><\/a><\/li><li  role=\"presentation\"><a class=\"tab-link\" data-toggle=\"tab\" role=\"tab\" aria-controls=\"tab-89ea0a6404b4341849b\" aria-selected=\"false\" tabindex=\"-1\" id=\"fusion-tab-89ea0a6404b4341849b\" href=\"#tab-89ea0a6404b4341849b\"><h3 class=\"fusion-tab-heading\">Credenciales<\/h3><\/a><\/li><li  role=\"presentation\"><a class=\"tab-link\" data-toggle=\"tab\" role=\"tab\" aria-controls=\"tab-ed6691f177a3b161712\" aria-selected=\"false\" tabindex=\"-1\" id=\"fusion-tab-ed6691f177a3b161712\" href=\"#tab-ed6691f177a3b161712\"><h3 class=\"fusion-tab-heading\">Afiliaciones<\/h3><\/a><\/li><\/ul><\/div><div class=\"tab-content\"><div class=\"nav fusion-mobile-tab-nav\"><ul class=\"nav-tabs nav-justified\" role=\"tablist\" aria-orientation=\"horizontal\"><li class=\"active\" role=\"presentation\"><a class=\"tab-link\" data-toggle=\"tab\" role=\"tab\" aria-controls=\"tab-ad2283880e9acae98ea\" aria-selected=\"true\" tabindex=\"0\" id=\"mobile-fusion-tab-ad2283880e9acae98ea\" href=\"#tab-ad2283880e9acae98ea\"><h3 class=\"fusion-tab-heading\">Perfil<\/h3><\/a><\/li><\/ul><\/div><div class=\"tab-pane fade fusion-clearfix in active\" role=\"tabpanel\" tabindex=\"0\" aria-labelledby=\"fusion-tab-ad2283880e9acae98ea\" id=\"tab-ad2283880e9acae98ea\">\n<p>David Rosemberg cuenta con una experiencia de 22 a\u00f1os como litigante comercial, de los cuales paso 9 a\u00f1os trabajando en una de las firmas de abogados de m\u00e1s grandes de Miami, escalando r\u00e1pidamente posiciones y convirti\u00e9ndose en el socio de litigios m\u00e1s joven de la firma en ese momento.<\/p>\n<p>En 2017, form\u00f3 su propia firma para proporcionar a sus clientes un enfoque \u00fanico de servicios legales diversos y eficientes. Actualmente, contin\u00faa representando nacional e internacionalmente a empresas e individuos en la defensa y\/o demanda en litigios de alto riesgo, resoluci\u00f3n alternativa de conflictos y soluci\u00f3n y asesor\u00eda previa al litigio. As\u00ed mismo, exitosamente ha representado a clientes en asuntos de litigio comercial complejo [complex business litigation], litigios de propiedad intelectual, litigios inmobiliarios, litigios de valores, conflictos contractuales, disputas de accionistas y sociedades, agravios comerciales, disputas comerciales intrafamiliares, da\u00f1os personales, competencia desleal y apropiaci\u00f3n indebida de secretos comerciales.<\/p>\n<p>Contando con una excelente fluidez en espa\u00f1ol e ingl\u00e9s que le permite desempe\u00f1arse como consultor externo de empresas, individuos y familias Latinoamericanas de alto patrimonio quienes tienen negocios e inversiones en los Estados Unidos.<\/p>\n<p>Entre 2009 y 2014, ha representado numerosas familias y empresas inversionistas latinoamericanas de alto patrimonio en reclamos contra varios bancos europeos en arbitrajes internacionales de AAA y FINRA, relacionados con el caso Madoff Ponzi, un fraude de $60 billones de d\u00f3lares. <a href=\"#\">Haga clic aqu\u00ed para m\u00e1s detalles.<\/a><\/p>\n<p>En cuanto a los asuntos de litigio de propiedad comercial e intelectual m\u00e1s representativos se incluyen clientes tales como: empresas p\u00fablicas y privadas de comunicaciones, construcci\u00f3n, entretenimiento, moda, servicios financieros, salud, seguros, fabricaci\u00f3n, bienes ra\u00edces y tecnolog\u00eda, desarrolladores de bienes ra\u00edces, inversionistas y propietarios, nuevas empresas tecnol\u00f3gicas, empresas y oficinas familiares.<\/p>\n<p>A lo largo de su carrera, tambi\u00e9n ha manejado casos de alto perfil cubiertos por los medios de comunicaci\u00f3n en todo el pa\u00eds y ha sido citado en los principales medios de comunicacion nacionales e internacionales, incluyendo el New York Times, Reuters, Folha de San Pablo, Fox Business, Bloomberg, as\u00ed como publicaciones locales de noticias, tales como Miami Herald, Sun-Sentinel, Palm Beach Post y el Daily Business Review.<\/p>\n<p><strong>Premios<\/strong><\/p>\n<ul>\n<li>2018 Legal Elite por<em>&nbsp;Florida Trend Magazine<\/em><\/li>\n<li>Finalista 2016 Abogados M\u00e1s Eficaces:&nbsp;Propiedad Intelectual por el <em>Daily Business Review<\/em><\/li>\n<li>Finalista en los Premios Up and Comer por <em>South Florida Business and Wealth<\/em>, 2015<\/li>\n<li>\u201c2014 Rising Star\u201d por&nbsp;<em>Daily Business Review<\/em><\/li>\n<li>\u201cEstrella en ascenso\u201d en \u201cFlorida Super Lawyers\u201d por la <em>revista Super Lawyers<\/em>, 2009-2016<\/li>\n<\/ul>\n<\/div><div class=\"nav fusion-mobile-tab-nav\"><ul class=\"nav-tabs nav-justified\" role=\"tablist\" aria-orientation=\"horizontal\"><li  role=\"presentation\"><a class=\"tab-link\" data-toggle=\"tab\" role=\"tab\" aria-controls=\"tab-89ea0a6404b4341849b\" aria-selected=\"false\" tabindex=\"-1\" id=\"mobile-fusion-tab-89ea0a6404b4341849b\" href=\"#tab-89ea0a6404b4341849b\"><h3 class=\"fusion-tab-heading\">Credenciales<\/h3><\/a><\/li><\/ul><\/div><div class=\"tab-pane fade fusion-clearfix\" role=\"tabpanel\" tabindex=\"0\" aria-labelledby=\"fusion-tab-89ea0a6404b4341849b\" id=\"tab-89ea0a6404b4341849b\">\n<p style=\"text-align: justify;\">Bar Membership \u2013 Florida<\/p>\n<p style=\"text-align: justify;\"><strong>Tribunales<\/strong> &#8211; Tribunal de Apelaciones de los Estados Unidos para el 11\u00ba Circuito, Tribunal de Distrito de los Estados Unidos, Distrito Medio de la Florida, Tribunal de Distrito de los Estados Unidos, Distrito Sur de la Florida.<\/p>\n<p style=\"text-align: justify;\"><strong>Educaci\u00f3n <\/strong> &#8211; David recibi\u00f3 su B.A. de James Madison College en Michigan State University en 1998 y su doctorado en derecho en la Emory University School of Law en 2002. Tiene licencia para ejercer en Florida.<\/p>\n<\/div><div class=\"nav fusion-mobile-tab-nav\"><ul class=\"nav-tabs nav-justified\" role=\"tablist\" aria-orientation=\"horizontal\"><li  role=\"presentation\"><a class=\"tab-link\" data-toggle=\"tab\" role=\"tab\" aria-controls=\"tab-ed6691f177a3b161712\" aria-selected=\"false\" tabindex=\"-1\" id=\"mobile-fusion-tab-ed6691f177a3b161712\" href=\"#tab-ed6691f177a3b161712\"><h3 class=\"fusion-tab-heading\">Afiliaciones<\/h3><\/a><\/li><\/ul><\/div><div class=\"tab-pane fade fusion-clearfix\" role=\"tabpanel\" tabindex=\"0\" aria-labelledby=\"fusion-tab-ed6691f177a3b161712\" id=\"tab-ed6691f177a3b161712\">\n<div id=\"Affiliations-2\" class=\"ui-tabs-panel ui-widget-content ui-corner-bottom\" role=\"tabpanel\" aria-labelledby=\"ui-id-3\" aria-hidden=\"false\">\n<div class=\"tab-contents\">\n<p style=\"text-align: left;\">U.S.-Mexico Chamber of Commerce, Inter-American Chapter, Presidente Pasado Inmediato<\/p>\n<p style=\"text-align: left;\">Bakehouse Art Complex, Antiguo presidente<\/p>\n<p style=\"text-align: left;\">Florida Bar, Miembro<\/p>\n<\/div>\n<\/div>\n<\/div><\/div><\/div><div class=\"fusion-clearfix\"><\/div><\/div><\/div><\/div><\/div>\n","protected":false},"excerpt":{"rendered":"","protected":false},"author":1,"featured_media":0,"parent":0,"menu_order":0,"comment_status":"closed","ping_status":"closed","template":"100-width.php","meta":{"nf_dc_page":"","om_disable_all_campaigns":false,"inline_featured_image":false,"_monsterinsights_skip_tracking":false,"_monsterinsights_sitenote_active":false,"_monsterinsights_sitenote_note":"","_monsterinsights_sitenote_category":0,"footnotes":""},"class_list":["post-2041","page","type-page","status-publish","hentry"],"yoast_head":"<!-- This site is optimized with the Yoast SEO plugin v27.4 - https:\/\/yoast.com\/product\/yoast-seo-wordpress\/ -->\n<title>David Rosemberg - Rosemberg Law<\/title>\n<meta name=\"description\" content=\"David Rosemberg is the founding principal of Rosemberg Law. He has a reputation for being a hard-nosed, no-nonsense and smart trial lawyer.\" \/>\n<meta name=\"robots\" content=\"index, follow, max-snippet:-1, max-image-preview:large, max-video-preview:-1\" \/>\n<link rel=\"canonical\" href=\"https:\/\/www.rosemberglaw.com\/es\/david-rosemberg\/\" \/>\n<meta property=\"og:locale\" content=\"es_ES\" \/>\n<meta property=\"og:type\" content=\"article\" \/>\n<meta property=\"og:title\" content=\"David Rosemberg - Rosemberg Law\" \/>\n<meta property=\"og:description\" content=\"David Rosemberg is the founding principal of Rosemberg Law. He has a reputation for being a hard-nosed, no-nonsense and smart trial lawyer.\" \/>\n<meta property=\"og:url\" content=\"https:\/\/www.rosemberglaw.com\/es\/david-rosemberg\/\" \/>\n<meta property=\"og:site_name\" content=\"Rosemberg Law\" \/>\n<meta property=\"article:modified_time\" content=\"2024-10-10T15:33:46+00:00\" \/>\n<meta name=\"twitter:card\" content=\"summary_large_image\" \/>\n<meta name=\"twitter:label1\" content=\"Tiempo de lectura\" \/>\n\t<meta name=\"twitter:data1\" content=\"3 minutos\" \/>\n<script type=\"application\/ld+json\" class=\"yoast-schema-graph\">{\"@context\":\"https:\\\/\\\/schema.org\",\"@graph\":[{\"@type\":\"WebPage\",\"@id\":\"https:\\\/\\\/www.rosemberglaw.com\\\/es\\\/david-rosemberg\\\/\",\"url\":\"https:\\\/\\\/www.rosemberglaw.com\\\/es\\\/david-rosemberg\\\/\",\"name\":\"David Rosemberg - Rosemberg Law\",\"isPartOf\":{\"@id\":\"https:\\\/\\\/www.rosemberglaw.com\\\/#website\"},\"datePublished\":\"2015-02-20T20:12:13+00:00\",\"dateModified\":\"2024-10-10T15:33:46+00:00\",\"description\":\"David Rosemberg is the founding principal of Rosemberg Law. He has a reputation for being a hard-nosed, no-nonsense and smart trial lawyer.\",\"breadcrumb\":{\"@id\":\"https:\\\/\\\/www.rosemberglaw.com\\\/es\\\/david-rosemberg\\\/#breadcrumb\"},\"inLanguage\":\"es\",\"potentialAction\":[{\"@type\":\"ReadAction\",\"target\":[\"https:\\\/\\\/www.rosemberglaw.com\\\/es\\\/david-rosemberg\\\/\"]}]},{\"@type\":\"BreadcrumbList\",\"@id\":\"https:\\\/\\\/www.rosemberglaw.com\\\/es\\\/david-rosemberg\\\/#breadcrumb\",\"itemListElement\":[{\"@type\":\"ListItem\",\"position\":1,\"name\":\"Home\",\"item\":\"https:\\\/\\\/www.rosemberglaw.com\\\/es\\\/\"},{\"@type\":\"ListItem\",\"position\":2,\"name\":\"David Rosemberg\"}]},{\"@type\":\"WebSite\",\"@id\":\"https:\\\/\\\/www.rosemberglaw.com\\\/#website\",\"url\":\"https:\\\/\\\/www.rosemberglaw.com\\\/\",\"name\":\"Rosemberg Law\",\"description\":\"Boutique Litigation Firm.\",\"potentialAction\":[{\"@type\":\"SearchAction\",\"target\":{\"@type\":\"EntryPoint\",\"urlTemplate\":\"https:\\\/\\\/www.rosemberglaw.com\\\/?s={search_term_string}\"},\"query-input\":{\"@type\":\"PropertyValueSpecification\",\"valueRequired\":true,\"valueName\":\"search_term_string\"}}],\"inLanguage\":\"es\"}]}<\/script>\n<!-- \/ Yoast SEO plugin. -->","yoast_head_json":{"title":"David Rosemberg - Rosemberg Law","description":"David Rosemberg is the founding principal of Rosemberg Law. He has a reputation for being a hard-nosed, no-nonsense and smart trial lawyer.","robots":{"index":"index","follow":"follow","max-snippet":"max-snippet:-1","max-image-preview":"max-image-preview:large","max-video-preview":"max-video-preview:-1"},"canonical":"https:\/\/www.rosemberglaw.com\/es\/david-rosemberg\/","og_locale":"es_ES","og_type":"article","og_title":"David Rosemberg - Rosemberg Law","og_description":"David Rosemberg is the founding principal of Rosemberg Law. He has a reputation for being a hard-nosed, no-nonsense and smart trial lawyer.","og_url":"https:\/\/www.rosemberglaw.com\/es\/david-rosemberg\/","og_site_name":"Rosemberg Law","article_modified_time":"2024-10-10T15:33:46+00:00","twitter_card":"summary_large_image","twitter_misc":{"Tiempo de lectura":"3 minutos"},"schema":{"@context":"https:\/\/schema.org","@graph":[{"@type":"WebPage","@id":"https:\/\/www.rosemberglaw.com\/es\/david-rosemberg\/","url":"https:\/\/www.rosemberglaw.com\/es\/david-rosemberg\/","name":"David Rosemberg - Rosemberg Law","isPartOf":{"@id":"https:\/\/www.rosemberglaw.com\/#website"},"datePublished":"2015-02-20T20:12:13+00:00","dateModified":"2024-10-10T15:33:46+00:00","description":"David Rosemberg is the founding principal of Rosemberg Law. He has a reputation for being a hard-nosed, no-nonsense and smart trial lawyer.","breadcrumb":{"@id":"https:\/\/www.rosemberglaw.com\/es\/david-rosemberg\/#breadcrumb"},"inLanguage":"es","potentialAction":[{"@type":"ReadAction","target":["https:\/\/www.rosemberglaw.com\/es\/david-rosemberg\/"]}]},{"@type":"BreadcrumbList","@id":"https:\/\/www.rosemberglaw.com\/es\/david-rosemberg\/#breadcrumb","itemListElement":[{"@type":"ListItem","position":1,"name":"Home","item":"https:\/\/www.rosemberglaw.com\/es\/"},{"@type":"ListItem","position":2,"name":"David Rosemberg"}]},{"@type":"WebSite","@id":"https:\/\/www.rosemberglaw.com\/#website","url":"https:\/\/www.rosemberglaw.com\/","name":"Rosemberg Law","description":"Boutique Litigation Firm.","potentialAction":[{"@type":"SearchAction","target":{"@type":"EntryPoint","urlTemplate":"https:\/\/www.rosemberglaw.com\/?s={search_term_string}"},"query-input":{"@type":"PropertyValueSpecification","valueRequired":true,"valueName":"search_term_string"}}],"inLanguage":"es"}]}},"jetpack_sharing_enabled":true,"_links":{"self":[{"href":"https:\/\/www.rosemberglaw.com\/es\/wp-json\/wp\/v2\/pages\/2041","targetHints":{"allow":["GET"]}}],"collection":[{"href":"https:\/\/www.rosemberglaw.com\/es\/wp-json\/wp\/v2\/pages"}],"about":[{"href":"https:\/\/www.rosemberglaw.com\/es\/wp-json\/wp\/v2\/types\/page"}],"author":[{"embeddable":true,"href":"https:\/\/www.rosemberglaw.com\/es\/wp-json\/wp\/v2\/users\/1"}],"replies":[{"embeddable":true,"href":"https:\/\/www.rosemberglaw.com\/es\/wp-json\/wp\/v2\/comments?post=2041"}],"version-history":[{"count":6,"href":"https:\/\/www.rosemberglaw.com\/es\/wp-json\/wp\/v2\/pages\/2041\/revisions"}],"predecessor-version":[{"id":4369,"href":"https:\/\/www.rosemberglaw.com\/es\/wp-json\/wp\/v2\/pages\/2041\/revisions\/4369"}],"wp:attachment":[{"href":"https:\/\/www.rosemberglaw.com\/es\/wp-json\/wp\/v2\/media?parent=2041"}],"curies":[{"name":"wp","href":"https:\/\/api.w.org\/{rel}","templated":true}]}}