{"id":2056,"date":"2018-07-15T17:03:26","date_gmt":"2018-07-15T17:03:26","guid":{"rendered":"https:\/\/rosemberglaw.com\/concierge\/"},"modified":"2024-07-18T03:48:27","modified_gmt":"2024-07-18T03:48:27","slug":"concierge","status":"publish","type":"page","link":"https:\/\/www.rosemberglaw.com\/es\/concierge\/","title":{"rendered":"Rosemberg Law Concierge"},"content":{"rendered":"<p><div id=\"BUSINESSPAGE\" class=\"fusion-container-anchor\"><div class=\"fusion-fullwidth fullwidth-box fusion-builder-row-1 hundred-percent-fullwidth non-hundred-percent-height-scrolling\" style=\"--awb-background-position:left top;--awb-border-sizes-top:0px;--awb-border-sizes-bottom:0px;--awb-border-sizes-left:0px;--awb-border-sizes-right:0px;--awb-border-radius-top-left:0px;--awb-border-radius-top-right:0px;--awb-border-radius-bottom-right:0px;--awb-border-radius-bottom-left:0px;--awb-padding-top:0px;--awb-padding-bottom:0px;--awb-flex-wrap:wrap;\" ><div class=\"fusion-builder-row fusion-row\"><div class=\"fusion-layout-column fusion_builder_column fusion-builder-column-0 fusion_builder_column_1_1 1_1 fusion-one-full fusion-column-first fusion-column-last fusion-animated concierge_content_wrapp\" style=\"--awb-padding-top:10px;--awb-padding-right:40px;--awb-padding-bottom:40px;--awb-padding-left:40px;--awb-bg-color:rgba(255,255,255,0.86);--awb-bg-color-hover:rgba(255,255,255,0.86);--awb-bg-size:cover;--awb-border-color:#1875ff;--awb-border-top:0;--awb-border-right:0;--awb-border-bottom:0;--awb-border-left:0;--awb-border-style:solid;--awb-margin-top:10px;--awb-margin-bottom:40px;\" data-animationType=\"slideInRight\" data-animationDuration=\"0.6\" data-animationOffset=\"top-into-view\"><div class=\"fusion-column-wrapper fusion-flex-column-wrapper-legacy\"><div class=\"fusion-text fusion-text-1\"><h1 style=\"text-align: center;\">Rosemberg Law Concierge<\/h1>\n<\/div><div class=\"fusion-text fusion-text-2\"><p>Rosemberg Law ofrece servicios legales concierge a sus clientes individuales, familias, empresas peque\u00f1as y de alto patrimonio. Dependiendo del plan concierge seleccionado, los clientes reciben una comunicaci\u00f3n ilimitada con su abogado por una tarifa mensual fija. Los clientes de conserjer\u00eda reciben el beneficio de tener un &#8220;asesor general externo&#8221; para asesorar y consultar sobre casi cualquier problema, incluso fuera del horario comercial normal y durante los fines de semana. Es simple, simplemente levante el tel\u00e9fono y obtenga una respuesta los 7 d\u00edas de la semana.<\/p>\n<p>Para propietarios de peque\u00f1as empresas, oficinas familiares e incluso m\u00e9dicos, un plan legal de asesor\u00eda ilimitada puede ayudarlo a conciliar conflictos laborales, redactar y revisar contratos, negociar acuerdos, comunicarse con partes adversas, medir y responder a riesgos legales y, lo m\u00e1s importante, responder a las crisis comerciales no anticipadas sin importar el d\u00eda o la hora.<\/p>\n<p>Para las personas y familias extranjeras de alto patrimonio, el servicio de asesor\u00eda limitada puede ayudarle a comunicarse de manera efectiva con las partes adversas y no adversas, incluidos su banco, corredor, asociaci\u00f3n de propietarios, compa\u00f1\u00eda de seguros y otros. El servicio de conserjer\u00eda de Rosemberg Law incluye escribir cartas y correos electr\u00f3nicos en su nombre, preparar y revisar documentos legales limitados y, por supuesto, consultas ilimitadas para ayudar a los clientes a resolver casi cualquier tipo problema. Los clientes de este servicio tienen acceso constante a asesor\u00eda legal sin preocuparse por facturas grandes e impredecibles.<\/p>\n<p>Tu tiempo es valioso y exigente. Permita que el servicio de conserjer\u00eda de Rosemberg Law garantice un buen funcionamiento de su vida profesional, personal y comercial.<\/p>\n<p>Rosemberg Law ofrece varios niveles de compromiso de servicio de conserjer\u00eda a medida para satisfacer las necesidades y demandas \u00fanicas de sus clientes. La firma limita el n\u00famero de clientes de conserjer\u00eda para garantizar la calidad de la representaci\u00f3n y la disponibilidad de abogados.<\/p>\n<\/div><div class=\"fusion-clearfix\"><\/div><\/div><\/div><\/div><\/div><\/div><div class=\"fusion-fullwidth fullwidth-box fusion-builder-row-2 nonhundred-percent-fullwidth non-hundred-percent-height-scrolling\" style=\"--awb-border-radius-top-left:0px;--awb-border-radius-top-right:0px;--awb-border-radius-bottom-right:0px;--awb-border-radius-bottom-left:0px;--awb-margin-top:0px;--awb-margin-bottom:0px;--awb-flex-wrap:wrap;\" ><div class=\"fusion-builder-row fusion-row\"><div class=\"fusion-layout-column fusion_builder_column fusion-builder-column-1 fusion_builder_column_1_6 1_6 fusion-one-sixth fusion-column-first\" style=\"--awb-bg-size:cover;width:16.666666666667%;width:calc(16.666666666667% - ( ( 4% + 4% ) * 0.16666666666667 ) );margin-right: 4%;\"><div class=\"fusion-column-wrapper fusion-flex-column-wrapper-legacy\"><div class=\"fusion-clearfix\"><\/div><\/div><\/div><div class=\"fusion-layout-column fusion_builder_column fusion-builder-column-2 fusion_builder_column_2_3 2_3 fusion-two-third\" style=\"--awb-bg-size:cover;width:66.666666666667%;width:calc(66.666666666667% - ( ( 4% + 4% ) * 0.66666666666667 ) );margin-right: 4%;\"><div class=\"fusion-column-wrapper fusion-flex-column-wrapper-legacy\"><div class=\"fusion-button-wrapper fusion-aligncenter\"><a class=\"fusion-button button-flat button-xlarge button-default fusion-button-default button-1 fusion-button-default-span fusion-button-default-type concierge_cta\" style=\"--button_text_transform:uppercase;\" target=\"_self\"><span class=\"fusion-button-text awb-button__text awb-button__text--default\">Llama hoy y consulta mas detalles acerca de este servicio para Usted o su empresa.<\/span><\/a><\/div><div class=\"fusion-clearfix\"><\/div><\/div><\/div><div class=\"fusion-layout-column fusion_builder_column fusion-builder-column-3 fusion_builder_column_1_6 1_6 fusion-one-sixth fusion-column-last\" style=\"--awb-bg-size:cover;width:16.666666666667%;width:calc(16.666666666667% - ( ( 4% + 4% ) * 0.16666666666667 ) );\"><div class=\"fusion-column-wrapper fusion-flex-column-wrapper-legacy\"><div class=\"fusion-clearfix\"><\/div><\/div><\/div><\/div><\/div><\/p>\n","protected":false},"excerpt":{"rendered":"","protected":false},"author":1,"featured_media":0,"parent":0,"menu_order":0,"comment_status":"closed","ping_status":"closed","template":"100-width.php","meta":{"nf_dc_page":"","om_disable_all_campaigns":false,"inline_featured_image":false,"_monsterinsights_skip_tracking":false,"_monsterinsights_sitenote_active":false,"_monsterinsights_sitenote_note":"","_monsterinsights_sitenote_category":0,"footnotes":""},"class_list":["post-2056","page","type-page","status-publish","hentry"],"yoast_head":"<!-- This site is optimized with the Yoast SEO plugin v27.4 - https:\/\/yoast.com\/product\/yoast-seo-wordpress\/ -->\n<title>Rosemberg Law Concierge - Rosemberg Law<\/title>\n<meta name=\"description\" content=\"Rosemberg Law offers concierge legal services for its high net-worth individual, family office and small business clients, including physicians.\" \/>\n<meta name=\"robots\" content=\"index, follow, max-snippet:-1, max-image-preview:large, max-video-preview:-1\" \/>\n<link rel=\"canonical\" href=\"https:\/\/www.rosemberglaw.com\/es\/concierge\/\" \/>\n<meta property=\"og:locale\" content=\"es_ES\" \/>\n<meta property=\"og:type\" content=\"article\" \/>\n<meta property=\"og:title\" content=\"Rosemberg Law Concierge - Rosemberg Law\" \/>\n<meta property=\"og:description\" content=\"Rosemberg Law offers concierge legal services for its high net-worth individual, family office and small business clients, including physicians.\" \/>\n<meta property=\"og:url\" content=\"https:\/\/www.rosemberglaw.com\/es\/concierge\/\" \/>\n<meta property=\"og:site_name\" content=\"Rosemberg Law\" \/>\n<meta property=\"article:modified_time\" content=\"2024-07-18T03:48:27+00:00\" \/>\n<meta name=\"twitter:card\" content=\"summary_large_image\" \/>\n<meta name=\"twitter:label1\" content=\"Tiempo de lectura\" \/>\n\t<meta name=\"twitter:data1\" content=\"2 minutos\" \/>\n<script type=\"application\/ld+json\" class=\"yoast-schema-graph\">{\"@context\":\"https:\\\/\\\/schema.org\",\"@graph\":[{\"@type\":\"WebPage\",\"@id\":\"https:\\\/\\\/www.rosemberglaw.com\\\/es\\\/concierge\\\/\",\"url\":\"https:\\\/\\\/www.rosemberglaw.com\\\/es\\\/concierge\\\/\",\"name\":\"Rosemberg Law Concierge - Rosemberg Law\",\"isPartOf\":{\"@id\":\"https:\\\/\\\/www.rosemberglaw.com\\\/#website\"},\"datePublished\":\"2018-07-15T17:03:26+00:00\",\"dateModified\":\"2024-07-18T03:48:27+00:00\",\"description\":\"Rosemberg Law offers concierge legal services for its high net-worth individual, family office and small business clients, including physicians.\",\"breadcrumb\":{\"@id\":\"https:\\\/\\\/www.rosemberglaw.com\\\/es\\\/concierge\\\/#breadcrumb\"},\"inLanguage\":\"es\",\"potentialAction\":[{\"@type\":\"ReadAction\",\"target\":[\"https:\\\/\\\/www.rosemberglaw.com\\\/es\\\/concierge\\\/\"]}]},{\"@type\":\"BreadcrumbList\",\"@id\":\"https:\\\/\\\/www.rosemberglaw.com\\\/es\\\/concierge\\\/#breadcrumb\",\"itemListElement\":[{\"@type\":\"ListItem\",\"position\":1,\"name\":\"Home\",\"item\":\"https:\\\/\\\/www.rosemberglaw.com\\\/es\\\/\"},{\"@type\":\"ListItem\",\"position\":2,\"name\":\"Rosemberg Law Concierge\"}]},{\"@type\":\"WebSite\",\"@id\":\"https:\\\/\\\/www.rosemberglaw.com\\\/#website\",\"url\":\"https:\\\/\\\/www.rosemberglaw.com\\\/\",\"name\":\"Rosemberg Law\",\"description\":\"Boutique Litigation Firm.\",\"potentialAction\":[{\"@type\":\"SearchAction\",\"target\":{\"@type\":\"EntryPoint\",\"urlTemplate\":\"https:\\\/\\\/www.rosemberglaw.com\\\/?s={search_term_string}\"},\"query-input\":{\"@type\":\"PropertyValueSpecification\",\"valueRequired\":true,\"valueName\":\"search_term_string\"}}],\"inLanguage\":\"es\"}]}<\/script>\n<!-- \/ Yoast SEO plugin. -->","yoast_head_json":{"title":"Rosemberg Law Concierge - Rosemberg Law","description":"Rosemberg Law offers concierge legal services for its high net-worth individual, family office and small business clients, including physicians.","robots":{"index":"index","follow":"follow","max-snippet":"max-snippet:-1","max-image-preview":"max-image-preview:large","max-video-preview":"max-video-preview:-1"},"canonical":"https:\/\/www.rosemberglaw.com\/es\/concierge\/","og_locale":"es_ES","og_type":"article","og_title":"Rosemberg Law Concierge - Rosemberg Law","og_description":"Rosemberg Law offers concierge legal services for its high net-worth individual, family office and small business clients, including physicians.","og_url":"https:\/\/www.rosemberglaw.com\/es\/concierge\/","og_site_name":"Rosemberg Law","article_modified_time":"2024-07-18T03:48:27+00:00","twitter_card":"summary_large_image","twitter_misc":{"Tiempo de lectura":"2 minutos"},"schema":{"@context":"https:\/\/schema.org","@graph":[{"@type":"WebPage","@id":"https:\/\/www.rosemberglaw.com\/es\/concierge\/","url":"https:\/\/www.rosemberglaw.com\/es\/concierge\/","name":"Rosemberg Law Concierge - Rosemberg Law","isPartOf":{"@id":"https:\/\/www.rosemberglaw.com\/#website"},"datePublished":"2018-07-15T17:03:26+00:00","dateModified":"2024-07-18T03:48:27+00:00","description":"Rosemberg Law offers concierge legal services for its high net-worth individual, family office and small business clients, including physicians.","breadcrumb":{"@id":"https:\/\/www.rosemberglaw.com\/es\/concierge\/#breadcrumb"},"inLanguage":"es","potentialAction":[{"@type":"ReadAction","target":["https:\/\/www.rosemberglaw.com\/es\/concierge\/"]}]},{"@type":"BreadcrumbList","@id":"https:\/\/www.rosemberglaw.com\/es\/concierge\/#breadcrumb","itemListElement":[{"@type":"ListItem","position":1,"name":"Home","item":"https:\/\/www.rosemberglaw.com\/es\/"},{"@type":"ListItem","position":2,"name":"Rosemberg Law Concierge"}]},{"@type":"WebSite","@id":"https:\/\/www.rosemberglaw.com\/#website","url":"https:\/\/www.rosemberglaw.com\/","name":"Rosemberg Law","description":"Boutique Litigation Firm.","potentialAction":[{"@type":"SearchAction","target":{"@type":"EntryPoint","urlTemplate":"https:\/\/www.rosemberglaw.com\/?s={search_term_string}"},"query-input":{"@type":"PropertyValueSpecification","valueRequired":true,"valueName":"search_term_string"}}],"inLanguage":"es"}]}},"jetpack_sharing_enabled":true,"_links":{"self":[{"href":"https:\/\/www.rosemberglaw.com\/es\/wp-json\/wp\/v2\/pages\/2056","targetHints":{"allow":["GET"]}}],"collection":[{"href":"https:\/\/www.rosemberglaw.com\/es\/wp-json\/wp\/v2\/pages"}],"about":[{"href":"https:\/\/www.rosemberglaw.com\/es\/wp-json\/wp\/v2\/types\/page"}],"author":[{"embeddable":true,"href":"https:\/\/www.rosemberglaw.com\/es\/wp-json\/wp\/v2\/users\/1"}],"replies":[{"embeddable":true,"href":"https:\/\/www.rosemberglaw.com\/es\/wp-json\/wp\/v2\/comments?post=2056"}],"version-history":[{"count":6,"href":"https:\/\/www.rosemberglaw.com\/es\/wp-json\/wp\/v2\/pages\/2056\/revisions"}],"predecessor-version":[{"id":3104,"href":"https:\/\/www.rosemberglaw.com\/es\/wp-json\/wp\/v2\/pages\/2056\/revisions\/3104"}],"wp:attachment":[{"href":"https:\/\/www.rosemberglaw.com\/es\/wp-json\/wp\/v2\/media?parent=2056"}],"curies":[{"name":"wp","href":"https:\/\/api.w.org\/{rel}","templated":true}]}}