{"id":2064,"date":"2018-07-14T17:28:10","date_gmt":"2018-07-14T17:28:10","guid":{"rendered":"https:\/\/rosemberglaw.com\/intellectual-property-litigation\/"},"modified":"2024-07-18T03:38:49","modified_gmt":"2024-07-18T03:38:49","slug":"intellectual-property-litigation","status":"publish","type":"page","link":"https:\/\/www.rosemberglaw.com\/es\/intellectual-property-litigation\/","title":{"rendered":"Litigios de Propiedad Intelectual"},"content":{"rendered":"<p><div id=\"BUSINESSPAGE\" class=\"fusion-container-anchor\"><div class=\"fusion-fullwidth fullwidth-box fusion-builder-row-1 hundred-percent-fullwidth non-hundred-percent-height-scrolling profile_service_areas_of_service\" style=\"--awb-background-position:left top;--awb-border-sizes-top:0px;--awb-border-sizes-bottom:0px;--awb-border-sizes-left:0px;--awb-border-sizes-right:0px;--awb-border-radius-top-left:0px;--awb-border-radius-top-right:0px;--awb-border-radius-bottom-right:0px;--awb-border-radius-bottom-left:0px;--awb-padding-top:20px;--awb-padding-bottom:0px;--awb-flex-wrap:wrap;\" ><div class=\"fusion-builder-row fusion-row\"><div class=\"fusion-layout-column fusion_builder_column fusion-builder-column-0 fusion_builder_column_1_1 1_1 fusion-one-full fusion-column-first fusion-column-last\" style=\"--awb-padding-top:0px;--awb-padding-bottom:0px;--awb-bg-color:#ffffff;--awb-bg-color-hover:#ffffff;--awb-bg-size:cover;--awb-border-color:#e2e2e2;--awb-border-top:0;--awb-border-right:0;--awb-border-bottom:0;--awb-border-left:0;--awb-border-style:solid;\"><div class=\"fusion-column-wrapper fusion-flex-column-wrapper-legacy\"><div class=\"fusion-text fusion-text-1\"><p>Rosemberg Law representa y asesora a una variedad de clientes, desde individuos que comienzan nuevas empresas hasta compa\u00f1\u00edas incluidas en Fortune 500, en una amplia gama de litigios de propiedad intelectual.<\/p>\n<\/div><div class=\"fusion-sep-clear\"><\/div><div class=\"fusion-separator fusion-full-width-sep\" style=\"margin-left: auto;margin-right: auto;margin-top:20px;margin-bottom:20px;width:100%;\"><\/div><div class=\"fusion-sep-clear\"><\/div><div class=\"fusion-content-boxes content-boxes columns row fusion-columns-3 fusion-columns-total-7 fusion-content-boxes-1 content-boxes-icon-with-title content-left profile_service_areas_of_service\" style=\"--awb-body-color:#000000;--awb-title-color:#000000;--awb-iconcolor:#1977f7;--awb-hover-accent-color:#1977f7;--awb-circle-hover-accent-color:transparent;\" data-animationOffset=\"top-into-view\"><div style=\"--awb-backgroundcolor:rgba(255,255,255,0);--awb-iconcolor:#1977f7;\" class=\"fusion-column content-box-column content-box-column content-box-column-1 col-lg-4 col-md-4 col-sm-4 fusion-content-box-hover content-box-column-first-in-row\"><div class=\"col content-box-wrapper content-wrapper link-area-link-icon icon-hover-animation-none\" data-animationOffset=\"top-into-view\"><div class=\"heading heading-with-icon icon-left\"><div class=\"icon\"><i style=\"background-color:transparent;border-color:transparent;height:auto;width: 32px;line-height:normal;font-size:32px;\" aria-hidden=\"true\" class=\"fontawesome-icon fa-trademark fas circle-no\"><\/i><\/div><div class=\"content-box-heading fusion-responsive-typography-calculated\" style=\"--body_typography-font-size:18px;--fontSize:18;line-height:1.5;\">Infracci\u00f3n de marca registrada<\/div><\/div><div class=\"fusion-clearfix\"><\/div><div class=\"content-container\">\n<p>Rosemberg Law representa clientes en el mantenimiento y defensa de acciones de infracci\u00f3n de marca registrada, nombre o imagen comercial. El Abogado David Rosemberg cuenta con una gran experiencia en el campo contributivo de infracci\u00f3n de marcas que implican responsabilidad del propietario, igualmente David tiene numerosas decisiones judiciales publicadas en este campo.<\/p>\n<\/div><\/div><\/div><div style=\"--awb-backgroundcolor:rgba(255,255,255,0);--awb-iconcolor:#1977f7;\" class=\"fusion-column content-box-column content-box-column content-box-column-2 col-lg-4 col-md-4 col-sm-4 fusion-content-box-hover \"><div class=\"col content-box-wrapper content-wrapper link-area-link-icon icon-hover-animation-none\" data-animationOffset=\"top-into-view\"><div class=\"heading heading-with-icon icon-left\"><div class=\"icon\"><i style=\"background-color:transparent;border-color:transparent;height:auto;width: 32px;line-height:normal;font-size:32px;\" aria-hidden=\"true\" class=\"fontawesome-icon fa-creative-commons-pd fab circle-no\"><\/i><\/div><div class=\"content-box-heading fusion-responsive-typography-calculated\" style=\"--body_typography-font-size:18px;--fontSize:18;line-height:1.5;\">Terminaci\u00f3n del Copyright<\/div><\/div><div class=\"fusion-clearfix\"><\/div><div class=\"content-container\">\n<p>Rosemberg Law ayuda a los artistas y compositores de m\u00fasica a presentar avisos de terminaci\u00f3n de derechos de autor bajo la Ley de Derechos de Autor, y a litigar para finalizar las asignaciones de derechos de autor realizadas previamente a compa\u00f1\u00edas discogr\u00e1ficas y editores de m\u00fasica.<\/p>\n<\/div><\/div><\/div><div style=\"--awb-backgroundcolor:rgba(255,255,255,0);--awb-iconcolor:#1977f7;\" class=\"fusion-column content-box-column content-box-column content-box-column-3 col-lg-4 col-md-4 col-sm-4 fusion-content-box-hover content-box-column-last-in-row\"><div class=\"col content-box-wrapper content-wrapper link-area-link-icon icon-hover-animation-none\" data-animationOffset=\"top-into-view\"><div class=\"heading heading-with-icon icon-left\"><div class=\"icon\"><i style=\"background-color:transparent;border-color:transparent;height:auto;width: 32px;line-height:normal;font-size:32px;\" aria-hidden=\"true\" class=\"fontawesome-icon fa-copyright fas circle-no\"><\/i><\/div><div class=\"content-box-heading fusion-responsive-typography-calculated\" style=\"--body_typography-font-size:18px;--fontSize:18;line-height:1.5;\">Derechos de Autor Digital<\/div><\/div><div class=\"fusion-clearfix\"><\/div><div class=\"content-container\">\n<p>Rosemberg Law asesora clientes en procedimientos de Aviso y Eliminaci\u00f3n de la Ley de Derechos de Autor Digital Millennium. Exitosamente la firma ha obligado a los sitios web a eliminar materiales que violaron los derechos de autor de sus clientes.<\/p>\n<\/div><\/div><\/div><div style=\"--awb-backgroundcolor:rgba(255,255,255,0);--awb-iconcolor:#1977f7;\" class=\"fusion-column content-box-column content-box-column content-box-column-4 col-lg-4 col-md-4 col-sm-4 fusion-content-box-hover content-box-column-first-in-row\"><div class=\"col content-box-wrapper content-wrapper link-area-link-icon icon-hover-animation-none\" data-animationOffset=\"top-into-view\"><div class=\"heading heading-with-icon icon-left\"><div class=\"icon\"><i style=\"background-color:transparent;border-color:transparent;height:auto;width: 32px;line-height:normal;font-size:32px;\" aria-hidden=\"true\" class=\"fontawesome-icon fa-shopping-bag fas circle-no\"><\/i><\/div><div class=\"content-box-heading fusion-responsive-typography-calculated\" style=\"--body_typography-font-size:18px;--fontSize:18;line-height:1.5;\">Falsificaci\u00f3n de Productos y Servicios (Imitaciones)<\/div><\/div><div class=\"fusion-clearfix\"><\/div><div class=\"content-container\">\n<p>Rosemberg Law ayuda a los clientes a localizar y demandar a los proveedores y distribuidores de productos y servicios falsificados y no autorizados.<\/p>\n<\/div><\/div><\/div><div style=\"--awb-backgroundcolor:rgba(255,255,255,0);--awb-iconcolor:#1977f7;\" class=\"fusion-column content-box-column content-box-column content-box-column-5 col-lg-4 col-md-4 col-sm-4 fusion-content-box-hover \"><div class=\"col content-box-wrapper content-wrapper link-area-link-icon icon-hover-animation-none\" data-animationOffset=\"top-into-view\"><div class=\"heading heading-with-icon icon-left\"><div class=\"icon\"><i style=\"background-color:transparent;border-color:transparent;height:auto;width: 32px;line-height:normal;font-size:32px;\" aria-hidden=\"true\" class=\"fontawesome-icon fa-comment-slash fas circle-no\"><\/i><\/div><div class=\"content-box-heading fusion-responsive-typography-calculated\" style=\"--body_typography-font-size:18px;--fontSize:18;line-height:1.5;\">Secreto comercial y apropiaci\u00f3n indebida<\/div><\/div><div class=\"fusion-clearfix\"><\/div><div class=\"content-container\">\n<p>Rosemberg Law asiste y asesora a los clientes para responder, defender y litigar disputas de secretos comerciales que surgen con relaci\u00f3n a los contratos de uso de licencia, empresas conjuntas, espionaje econ\u00f3mico y relaciones laborales.<\/p>\n<\/div><\/div><\/div><div style=\"--awb-backgroundcolor:rgba(255,255,255,0);--awb-iconcolor:#1977f7;\" class=\"fusion-column content-box-column content-box-column content-box-column-6 col-lg-4 col-md-4 col-sm-4 fusion-content-box-hover content-box-column-last-in-row\"><div class=\"col content-box-wrapper content-wrapper link-area-link-icon icon-hover-animation-none\" data-animationOffset=\"top-into-view\"><div class=\"heading heading-with-icon icon-left\"><div class=\"icon\"><i style=\"background-color:transparent;border-color:transparent;height:auto;width: 32px;line-height:normal;font-size:32px;\" aria-hidden=\"true\" class=\"fontawesome-icon fa-globe fas circle-no\"><\/i><\/div><div class=\"content-box-heading fusion-responsive-typography-calculated\" style=\"--body_typography-font-size:18px;--fontSize:18;line-height:1.5;\">Infracci\u00f3n de copyright<\/div><\/div><div class=\"fusion-clearfix\"><\/div><div class=\"content-container\">\n<p>Rosemberg Law ha representado exitosamente negociaciones y acuerdos en nombre de empresas e individuos en relaci\u00f3n con reclamos de derechos de autor relacionados con el infringimiento de im\u00e1genes, grabaciones de sonido y derechos de video.<\/p>\n<\/div><\/div><\/div><div style=\"--awb-backgroundcolor:rgba(255,255,255,0);--awb-iconcolor:#1977f7;\" class=\"fusion-column content-box-column content-box-column content-box-column-7 col-lg-4 col-md-4 col-sm-4 fusion-content-box-hover content-box-column-first-in-row content-box-column-last\"><div class=\"col content-box-wrapper content-wrapper link-area-link-icon icon-hover-animation-none\" data-animationOffset=\"top-into-view\"><div class=\"heading heading-with-icon icon-left\"><div class=\"icon\"><i style=\"background-color:transparent;border-color:transparent;height:auto;width: 32px;line-height:normal;font-size:32px;\" aria-hidden=\"true\" class=\"fontawesome-icon fa-address-card fas circle-no\"><\/i><\/div><div class=\"content-box-heading fusion-responsive-typography-calculated\" style=\"--body_typography-font-size:18px;--fontSize:18;line-height:1.5;\">Derecho a la Publicidad y la Invasi\u00f3n a la Privacidad<\/div><\/div><div class=\"fusion-clearfix\"><\/div><div class=\"content-container\">\n<p>Rosemberg Law asesora a los clientes en Florida para proteger y hacer cumplir sus derechos de publicidad de nombre, imagen, entre otros, contra usuarios comerciales no autorizados.<\/p>\n<\/div><\/div><\/div><div class=\"fusion-clearfix\"><\/div><\/div><div class=\"fusion-clearfix\"><\/div><\/div><\/div><\/div><\/div><\/div><div class=\"fusion-fullwidth fullwidth-box fusion-builder-row-2 hundred-percent-fullwidth non-hundred-percent-height-scrolling innovative_fee_wrap\" style=\"--awb-border-sizes-top:0px;--awb-border-sizes-bottom:0px;--awb-border-sizes-left:0px;--awb-border-sizes-right:0px;--awb-border-radius-top-left:0px;--awb-border-radius-top-right:0px;--awb-border-radius-bottom-right:0px;--awb-border-radius-bottom-left:0px;--awb-padding-top:30px;--awb-padding-bottom:30px;--awb-margin-top:0px;--awb-margin-bottom:0px;--awb-background-color:#4d4d4f;--awb-flex-wrap:wrap;\" ><div class=\"fusion-builder-row fusion-row\"><div class=\"fusion-layout-column fusion_builder_column fusion-builder-column-1 fusion_builder_column_1_1 1_1 fusion-one-full fusion-column-first fusion-column-last fusion-column-no-min-height\" style=\"--awb-bg-size:cover;--awb-margin-bottom:0px;\"><div class=\"fusion-column-wrapper fusion-flex-column-wrapper-legacy\"><div class=\"fusion-text fusion-text-2\"><h2 style=\"text-align: center;\"><span style=\"color: #ffffff;\">ESTRUCTURAS INNOVADORAS Y ESCALABILIDAD<\/span><\/h2>\n<\/div><div class=\"fusion-text fusion-text-3\"><p style=\"text-align: center;\"><span style=\"color: #ffffff; line-height: 0.5em;\">Rosemberg Law es selectiva en la representaci\u00f3n de sus clientes y ofrece arreglos de honorarios alternativos, que incluyen retenciones mensuales, tarifas combinadas, tarifas de contingencia y descuentos adecuados de bonificaci\u00f3n por \u00e9xito. Rosemberg Law tambi\u00e9n ofrece personal altamente flexible cuando es necesario. La extensa red de relaciones de Rosemberg Law con las principales firmas de abogados nacionales, locales e internacionales le permite escalar r\u00e1pidamente para manejar diversos asuntos legales.<\/span><\/p>\n<\/div><div class=\"fusion-button-wrapper fusion-aligncenter\"><a class=\"fusion-button button-flat button-large button-blue fusion-button-blue button-1 fusion-button-default-span \" target=\"_self\" href=\"https:\/\/rosemberglaw.com\/index.php\/contact-us\/\"><span class=\"fusion-button-text awb-button__text awb-button__text--default\">CONT\u00c1CTENOS<\/span><\/a><\/div><div class=\"fusion-clearfix\"><\/div><\/div><\/div><\/div><\/div><\/p>\n","protected":false},"excerpt":{"rendered":"","protected":false},"author":1,"featured_media":0,"parent":0,"menu_order":0,"comment_status":"closed","ping_status":"closed","template":"100-width.php","meta":{"nf_dc_page":"","om_disable_all_campaigns":false,"inline_featured_image":false,"_monsterinsights_skip_tracking":false,"_monsterinsights_sitenote_active":false,"_monsterinsights_sitenote_note":"","_monsterinsights_sitenote_category":0,"footnotes":""},"class_list":["post-2064","page","type-page","status-publish","hentry"],"yoast_head":"<!-- This site is optimized with the Yoast SEO plugin v27.4 - https:\/\/yoast.com\/product\/yoast-seo-wordpress\/ -->\n<title>Litigios de Propiedad Intelectual - Rosemberg Law<\/title>\n<meta name=\"robots\" content=\"index, follow, max-snippet:-1, max-image-preview:large, max-video-preview:-1\" \/>\n<link rel=\"canonical\" href=\"https:\/\/www.rosemberglaw.com\/es\/intellectual-property-litigation\/\" \/>\n<meta property=\"og:locale\" content=\"es_ES\" \/>\n<meta property=\"og:type\" content=\"article\" \/>\n<meta property=\"og:title\" content=\"Litigios de Propiedad Intelectual - Rosemberg Law\" \/>\n<meta property=\"og:url\" content=\"https:\/\/www.rosemberglaw.com\/es\/intellectual-property-litigation\/\" \/>\n<meta property=\"og:site_name\" content=\"Rosemberg Law\" \/>\n<meta property=\"article:modified_time\" content=\"2024-07-18T03:38:49+00:00\" \/>\n<meta name=\"twitter:card\" content=\"summary_large_image\" \/>\n<meta name=\"twitter:label1\" content=\"Tiempo de lectura\" \/>\n\t<meta name=\"twitter:data1\" content=\"2 minutos\" \/>\n<script type=\"application\/ld+json\" class=\"yoast-schema-graph\">{\"@context\":\"https:\\\/\\\/schema.org\",\"@graph\":[{\"@type\":\"WebPage\",\"@id\":\"https:\\\/\\\/www.rosemberglaw.com\\\/es\\\/intellectual-property-litigation\\\/\",\"url\":\"https:\\\/\\\/www.rosemberglaw.com\\\/es\\\/intellectual-property-litigation\\\/\",\"name\":\"Litigios de Propiedad Intelectual - Rosemberg Law\",\"isPartOf\":{\"@id\":\"https:\\\/\\\/www.rosemberglaw.com\\\/#website\"},\"datePublished\":\"2018-07-14T17:28:10+00:00\",\"dateModified\":\"2024-07-18T03:38:49+00:00\",\"breadcrumb\":{\"@id\":\"https:\\\/\\\/www.rosemberglaw.com\\\/es\\\/intellectual-property-litigation\\\/#breadcrumb\"},\"inLanguage\":\"es\",\"potentialAction\":[{\"@type\":\"ReadAction\",\"target\":[\"https:\\\/\\\/www.rosemberglaw.com\\\/es\\\/intellectual-property-litigation\\\/\"]}]},{\"@type\":\"BreadcrumbList\",\"@id\":\"https:\\\/\\\/www.rosemberglaw.com\\\/es\\\/intellectual-property-litigation\\\/#breadcrumb\",\"itemListElement\":[{\"@type\":\"ListItem\",\"position\":1,\"name\":\"Home\",\"item\":\"https:\\\/\\\/www.rosemberglaw.com\\\/es\\\/\"},{\"@type\":\"ListItem\",\"position\":2,\"name\":\"Litigios de Propiedad Intelectual\"}]},{\"@type\":\"WebSite\",\"@id\":\"https:\\\/\\\/www.rosemberglaw.com\\\/#website\",\"url\":\"https:\\\/\\\/www.rosemberglaw.com\\\/\",\"name\":\"Rosemberg Law\",\"description\":\"Boutique Litigation Firm.\",\"potentialAction\":[{\"@type\":\"SearchAction\",\"target\":{\"@type\":\"EntryPoint\",\"urlTemplate\":\"https:\\\/\\\/www.rosemberglaw.com\\\/?s={search_term_string}\"},\"query-input\":{\"@type\":\"PropertyValueSpecification\",\"valueRequired\":true,\"valueName\":\"search_term_string\"}}],\"inLanguage\":\"es\"}]}<\/script>\n<!-- \/ Yoast SEO plugin. -->","yoast_head_json":{"title":"Litigios de Propiedad Intelectual - Rosemberg Law","robots":{"index":"index","follow":"follow","max-snippet":"max-snippet:-1","max-image-preview":"max-image-preview:large","max-video-preview":"max-video-preview:-1"},"canonical":"https:\/\/www.rosemberglaw.com\/es\/intellectual-property-litigation\/","og_locale":"es_ES","og_type":"article","og_title":"Litigios de Propiedad Intelectual - Rosemberg Law","og_url":"https:\/\/www.rosemberglaw.com\/es\/intellectual-property-litigation\/","og_site_name":"Rosemberg Law","article_modified_time":"2024-07-18T03:38:49+00:00","twitter_card":"summary_large_image","twitter_misc":{"Tiempo de lectura":"2 minutos"},"schema":{"@context":"https:\/\/schema.org","@graph":[{"@type":"WebPage","@id":"https:\/\/www.rosemberglaw.com\/es\/intellectual-property-litigation\/","url":"https:\/\/www.rosemberglaw.com\/es\/intellectual-property-litigation\/","name":"Litigios de Propiedad Intelectual - Rosemberg Law","isPartOf":{"@id":"https:\/\/www.rosemberglaw.com\/#website"},"datePublished":"2018-07-14T17:28:10+00:00","dateModified":"2024-07-18T03:38:49+00:00","breadcrumb":{"@id":"https:\/\/www.rosemberglaw.com\/es\/intellectual-property-litigation\/#breadcrumb"},"inLanguage":"es","potentialAction":[{"@type":"ReadAction","target":["https:\/\/www.rosemberglaw.com\/es\/intellectual-property-litigation\/"]}]},{"@type":"BreadcrumbList","@id":"https:\/\/www.rosemberglaw.com\/es\/intellectual-property-litigation\/#breadcrumb","itemListElement":[{"@type":"ListItem","position":1,"name":"Home","item":"https:\/\/www.rosemberglaw.com\/es\/"},{"@type":"ListItem","position":2,"name":"Litigios de Propiedad Intelectual"}]},{"@type":"WebSite","@id":"https:\/\/www.rosemberglaw.com\/#website","url":"https:\/\/www.rosemberglaw.com\/","name":"Rosemberg Law","description":"Boutique Litigation Firm.","potentialAction":[{"@type":"SearchAction","target":{"@type":"EntryPoint","urlTemplate":"https:\/\/www.rosemberglaw.com\/?s={search_term_string}"},"query-input":{"@type":"PropertyValueSpecification","valueRequired":true,"valueName":"search_term_string"}}],"inLanguage":"es"}]}},"jetpack_sharing_enabled":true,"_links":{"self":[{"href":"https:\/\/www.rosemberglaw.com\/es\/wp-json\/wp\/v2\/pages\/2064","targetHints":{"allow":["GET"]}}],"collection":[{"href":"https:\/\/www.rosemberglaw.com\/es\/wp-json\/wp\/v2\/pages"}],"about":[{"href":"https:\/\/www.rosemberglaw.com\/es\/wp-json\/wp\/v2\/types\/page"}],"author":[{"embeddable":true,"href":"https:\/\/www.rosemberglaw.com\/es\/wp-json\/wp\/v2\/users\/1"}],"replies":[{"embeddable":true,"href":"https:\/\/www.rosemberglaw.com\/es\/wp-json\/wp\/v2\/comments?post=2064"}],"version-history":[{"count":5,"href":"https:\/\/www.rosemberglaw.com\/es\/wp-json\/wp\/v2\/pages\/2064\/revisions"}],"predecessor-version":[{"id":3099,"href":"https:\/\/www.rosemberglaw.com\/es\/wp-json\/wp\/v2\/pages\/2064\/revisions\/3099"}],"wp:attachment":[{"href":"https:\/\/www.rosemberglaw.com\/es\/wp-json\/wp\/v2\/media?parent=2064"}],"curies":[{"name":"wp","href":"https:\/\/api.w.org\/{rel}","templated":true}]}}