{"id":2066,"date":"2018-06-08T00:13:32","date_gmt":"2018-06-08T00:13:32","guid":{"rendered":"https:\/\/rosemberglaw.com\/latin-america\/"},"modified":"2024-07-18T03:42:19","modified_gmt":"2024-07-18T03:42:19","slug":"latin-america","status":"publish","type":"page","link":"https:\/\/www.rosemberglaw.com\/es\/latin-america\/","title":{"rendered":"Latinoam\u00e9rica"},"content":{"rendered":"<p><div id=\"BUSINESSPAGE\" class=\"fusion-container-anchor\"><div class=\"fusion-fullwidth fullwidth-box fusion-builder-row-1 hundred-percent-fullwidth non-hundred-percent-height-scrolling\" style=\"--awb-background-position:left top;--awb-border-sizes-top:0px;--awb-border-sizes-bottom:0px;--awb-border-sizes-left:0px;--awb-border-sizes-right:0px;--awb-border-radius-top-left:0px;--awb-border-radius-top-right:0px;--awb-border-radius-bottom-right:0px;--awb-border-radius-bottom-left:0px;--awb-padding-top:20px;--awb-padding-bottom:0px;--awb-flex-wrap:wrap;\" ><div class=\"fusion-builder-row fusion-row\"><div class=\"fusion-layout-column fusion_builder_column fusion-builder-column-0 fusion_builder_column_3_4 3_4 fusion-three-fourth fusion-column-first\" style=\"--awb-padding-top:0px;--awb-padding-bottom:0px;--awb-bg-color:#ffffff;--awb-bg-color-hover:#ffffff;--awb-bg-size:cover;--awb-border-color:#e2e2e2;--awb-border-top:0;--awb-border-right:0;--awb-border-bottom:0;--awb-border-left:0;--awb-border-style:solid;width:75%;width:calc(75% - ( ( 4% ) * 0.75 ) );margin-right: 4%;\"><div class=\"fusion-column-wrapper fusion-flex-column-wrapper-legacy\"><div class=\"fusion-text fusion-text-1\"><p>Rosemberg Law representa familias extranjeras de alto patrimonio, empresas familiares y empresarios latinoamericanos internacionales con intereses en los Estados Unidos.<\/p>\n<p>Rosemberg Law representa clientes de todas partes del mundo. La firma cuenta con una gran experiencia en la gesti\u00f3n de riesgos legales para familias e individuos de alto patrimonio y en Am\u00e9rica Latina y otros lugares, trabajando de diligentemente para resolver los problemas de los clientes de forma r\u00e1pida y eficaz, siempre que sea posible.<\/p>\n<p>Como sus asesores de confianza, Rosemberg Law protege los intereses de sus clientes y reconoce que los asuntos delicados deben manejarse con la mayor confidencialidad e integridad.<\/p>\n<p>As\u00ed mismo, Rosemberg Law a menudo sirve como el punto de contacto principal para los asuntos legales, comerciales y personales de sus clientes internacionales en los Estados Unidos.<\/p>\n<p>La firma tiene amplias relaciones con abogados y firmas en todo Estados Unidos que cuentan con diversas \u00e1reas de pr\u00e1ctica en asuntos corporativos, de valores, finanzas, trabajo y empleo, bienes ra\u00edces, fideicomisos y propiedades, impuestos, defensa criminal de cuello blanco, inmigraci\u00f3n y otros asuntos, seg\u00fan sea necesario. Gracias a sus excelentes relaciones, Rosemberg Law coordina el trabajo de abogados externos y otros profesionales, para garantizar y priorizar las necesidades sus clientes, realizando una gesti\u00f3n legal de manera oportuna y rentable.<\/p>\n<p>Como un servicio de valor agregado para los clientes de la firma, Rosemberg Law tambi\u00e9n ayuda a sus clientes nacionales a identificar y trabajar con abogados locales en Am\u00e9rica Latina. La extensa red de proveedores de servicios legales y otros servicios especializados de la firma en toda la regi\u00f3n provee a Rosemberg Law una ventaja cr\u00edtica cuando se trata de informaci\u00f3n y ayuda para as\u00ed lograr los objeticos comerciales y jur\u00eddicos que los clientes desean.<\/p>\n<\/div><div class=\"fusion-clearfix\"><\/div><\/div><\/div><div class=\"fusion-layout-column fusion_builder_column fusion-builder-column-1 fusion_builder_column_1_4 1_4 fusion-one-fourth fusion-column-last latam_world\" style=\"--awb-bg-size:cover;width:25%;width:calc(25% - ( ( 4% ) * 0.25 ) );\"><div class=\"fusion-column-wrapper fusion-flex-column-wrapper-legacy\"><div class=\"fusion-text fusion-text-2\"><p><img data-recalc-dims=\"1\" fetchpriority=\"high\" decoding=\"async\" class=\"alignleft wp-image-1258\" src=\"https:\/\/i0.wp.com\/rosemberglaw.com\/wp-content\/uploads\/2018\/06\/LATIN-AMERICA-HOME5.png?resize=300%2C333&#038;ssl=1\" alt=\"\" width=\"300\" height=\"333\" srcset=\"https:\/\/i0.wp.com\/www.rosemberglaw.com\/wp-content\/uploads\/2018\/06\/LATIN-AMERICA-HOME5.png?resize=200%2C222&amp;ssl=1 200w, https:\/\/i0.wp.com\/www.rosemberglaw.com\/wp-content\/uploads\/2018\/06\/LATIN-AMERICA-HOME5.png?resize=270%2C300&amp;ssl=1 270w, https:\/\/i0.wp.com\/www.rosemberglaw.com\/wp-content\/uploads\/2018\/06\/LATIN-AMERICA-HOME5.png?resize=400%2C444&amp;ssl=1 400w, https:\/\/i0.wp.com\/www.rosemberglaw.com\/wp-content\/uploads\/2018\/06\/LATIN-AMERICA-HOME5.png?fit=405%2C450&amp;ssl=1 405w\" sizes=\"(max-width: 300px) 100vw, 300px\" \/><\/p>\n<\/div><div class=\"fusion-clearfix\"><\/div><\/div><\/div><\/div><\/div><\/div><div class=\"fusion-fullwidth fullwidth-box fusion-builder-row-2 hundred-percent-fullwidth non-hundred-percent-height-scrolling innovative_fee_wrap\" style=\"--awb-border-sizes-top:0px;--awb-border-sizes-bottom:0px;--awb-border-sizes-left:0px;--awb-border-sizes-right:0px;--awb-border-radius-top-left:0px;--awb-border-radius-top-right:0px;--awb-border-radius-bottom-right:0px;--awb-border-radius-bottom-left:0px;--awb-padding-top:30px;--awb-padding-bottom:30px;--awb-margin-top:0px;--awb-margin-bottom:0px;--awb-background-color:#4d4d4f;--awb-flex-wrap:wrap;\" ><div class=\"fusion-builder-row fusion-row\"><div class=\"fusion-layout-column fusion_builder_column fusion-builder-column-2 fusion_builder_column_1_1 1_1 fusion-one-full fusion-column-first fusion-column-last fusion-column-no-min-height\" style=\"--awb-bg-size:cover;--awb-margin-bottom:0px;\"><div class=\"fusion-column-wrapper fusion-flex-column-wrapper-legacy\"><div class=\"fusion-text fusion-text-3\"><h2 style=\"text-align: center;\"><span style=\"color: #ffffff;\">ESTRUCTURAS INNOVADORAS Y ESCALABILIDAD<\/span><\/h2>\n<\/div><div class=\"fusion-text fusion-text-4\"><p style=\"text-align: center;\"><span style=\"color: #ffffff; line-height: 0.5em;\">Rosemberg Law es selectiva en la representaci\u00f3n de sus clientes y ofrece arreglos de honorarios alternativos, que incluyen retenciones mensuales, tarifas combinadas, tarifas de contingencia y descuentos adecuados de bonificaci\u00f3n por \u00e9xito. Rosemberg Law tambi\u00e9n ofrece personal altamente flexible cuando es necesario. La extensa red de relaciones de Rosemberg Law con las principales firmas de abogados nacionales, locales e internacionales le permite escalar r\u00e1pidamente para manejar diversos asuntos legales.<\/span><\/p>\n<\/div><div class=\"fusion-button-wrapper fusion-aligncenter\"><a class=\"fusion-button button-flat button-large button-blue fusion-button-blue button-1 fusion-button-default-span \" target=\"_self\" href=\"https:\/\/rosemberglaw.com\/index.php\/contact-us\/\"><span class=\"fusion-button-text awb-button__text awb-button__text--default\">CONT\u00c1CTENOS<\/span><\/a><\/div><div class=\"fusion-clearfix\"><\/div><\/div><\/div><\/div><\/div><\/p>\n","protected":false},"excerpt":{"rendered":"","protected":false},"author":1,"featured_media":0,"parent":0,"menu_order":0,"comment_status":"closed","ping_status":"closed","template":"100-width.php","meta":{"nf_dc_page":"","om_disable_all_campaigns":false,"inline_featured_image":false,"_monsterinsights_skip_tracking":false,"_monsterinsights_sitenote_active":false,"_monsterinsights_sitenote_note":"","_monsterinsights_sitenote_category":0,"footnotes":""},"class_list":["post-2066","page","type-page","status-publish","hentry"],"yoast_head":"<!-- This site is optimized with the Yoast SEO plugin v27.4 - https:\/\/yoast.com\/product\/yoast-seo-wordpress\/ -->\n<title>Latinoam\u00e9rica - Rosemberg Law<\/title>\n<meta name=\"description\" content=\"The Firm has experience in managing legal risk for wealthy and discreet families and individuals from Latin America and elsewhere.\" \/>\n<meta name=\"robots\" content=\"index, follow, max-snippet:-1, max-image-preview:large, max-video-preview:-1\" \/>\n<link rel=\"canonical\" href=\"https:\/\/www.rosemberglaw.com\/es\/latin-america\/\" \/>\n<meta property=\"og:locale\" content=\"es_ES\" \/>\n<meta property=\"og:type\" content=\"article\" \/>\n<meta property=\"og:title\" content=\"Latinoam\u00e9rica - Rosemberg Law\" \/>\n<meta property=\"og:description\" content=\"The Firm has experience in managing legal risk for wealthy and discreet families and individuals from Latin America and elsewhere.\" \/>\n<meta property=\"og:url\" content=\"https:\/\/www.rosemberglaw.com\/es\/latin-america\/\" \/>\n<meta property=\"og:site_name\" content=\"Rosemberg Law\" \/>\n<meta property=\"article:modified_time\" content=\"2024-07-18T03:42:19+00:00\" \/>\n<meta property=\"og:image\" content=\"https:\/\/rosemberglaw.com\/wp-content\/uploads\/2018\/06\/LATIN-AMERICA-HOME5.png\" \/>\n<meta name=\"twitter:card\" content=\"summary_large_image\" \/>\n<meta name=\"twitter:label1\" content=\"Tiempo de lectura\" \/>\n\t<meta name=\"twitter:data1\" content=\"2 minutos\" \/>\n<script type=\"application\/ld+json\" class=\"yoast-schema-graph\">{\"@context\":\"https:\\\/\\\/schema.org\",\"@graph\":[{\"@type\":\"WebPage\",\"@id\":\"https:\\\/\\\/www.rosemberglaw.com\\\/es\\\/latin-america\\\/\",\"url\":\"https:\\\/\\\/www.rosemberglaw.com\\\/es\\\/latin-america\\\/\",\"name\":\"Latinoam\u00e9rica - Rosemberg Law\",\"isPartOf\":{\"@id\":\"https:\\\/\\\/www.rosemberglaw.com\\\/#website\"},\"primaryImageOfPage\":{\"@id\":\"https:\\\/\\\/www.rosemberglaw.com\\\/es\\\/latin-america\\\/#primaryimage\"},\"image\":{\"@id\":\"https:\\\/\\\/www.rosemberglaw.com\\\/es\\\/latin-america\\\/#primaryimage\"},\"thumbnailUrl\":\"https:\\\/\\\/rosemberglaw.com\\\/wp-content\\\/uploads\\\/2018\\\/06\\\/LATIN-AMERICA-HOME5.png\",\"datePublished\":\"2018-06-08T00:13:32+00:00\",\"dateModified\":\"2024-07-18T03:42:19+00:00\",\"description\":\"The Firm has experience in managing legal risk for wealthy and discreet families and individuals from Latin America and elsewhere.\",\"breadcrumb\":{\"@id\":\"https:\\\/\\\/www.rosemberglaw.com\\\/es\\\/latin-america\\\/#breadcrumb\"},\"inLanguage\":\"es\",\"potentialAction\":[{\"@type\":\"ReadAction\",\"target\":[\"https:\\\/\\\/www.rosemberglaw.com\\\/es\\\/latin-america\\\/\"]}]},{\"@type\":\"ImageObject\",\"inLanguage\":\"es\",\"@id\":\"https:\\\/\\\/www.rosemberglaw.com\\\/es\\\/latin-america\\\/#primaryimage\",\"url\":\"https:\\\/\\\/rosemberglaw.com\\\/wp-content\\\/uploads\\\/2018\\\/06\\\/LATIN-AMERICA-HOME5.png\",\"contentUrl\":\"https:\\\/\\\/rosemberglaw.com\\\/wp-content\\\/uploads\\\/2018\\\/06\\\/LATIN-AMERICA-HOME5.png\"},{\"@type\":\"BreadcrumbList\",\"@id\":\"https:\\\/\\\/www.rosemberglaw.com\\\/es\\\/latin-america\\\/#breadcrumb\",\"itemListElement\":[{\"@type\":\"ListItem\",\"position\":1,\"name\":\"Home\",\"item\":\"https:\\\/\\\/www.rosemberglaw.com\\\/es\\\/\"},{\"@type\":\"ListItem\",\"position\":2,\"name\":\"Latinoam\u00e9rica\"}]},{\"@type\":\"WebSite\",\"@id\":\"https:\\\/\\\/www.rosemberglaw.com\\\/#website\",\"url\":\"https:\\\/\\\/www.rosemberglaw.com\\\/\",\"name\":\"Rosemberg Law\",\"description\":\"Boutique Litigation Firm.\",\"potentialAction\":[{\"@type\":\"SearchAction\",\"target\":{\"@type\":\"EntryPoint\",\"urlTemplate\":\"https:\\\/\\\/www.rosemberglaw.com\\\/?s={search_term_string}\"},\"query-input\":{\"@type\":\"PropertyValueSpecification\",\"valueRequired\":true,\"valueName\":\"search_term_string\"}}],\"inLanguage\":\"es\"}]}<\/script>\n<!-- \/ Yoast SEO plugin. -->","yoast_head_json":{"title":"Latinoam\u00e9rica - Rosemberg Law","description":"The Firm has experience in managing legal risk for wealthy and discreet families and individuals from Latin America and elsewhere.","robots":{"index":"index","follow":"follow","max-snippet":"max-snippet:-1","max-image-preview":"max-image-preview:large","max-video-preview":"max-video-preview:-1"},"canonical":"https:\/\/www.rosemberglaw.com\/es\/latin-america\/","og_locale":"es_ES","og_type":"article","og_title":"Latinoam\u00e9rica - Rosemberg Law","og_description":"The Firm has experience in managing legal risk for wealthy and discreet families and individuals from Latin America and elsewhere.","og_url":"https:\/\/www.rosemberglaw.com\/es\/latin-america\/","og_site_name":"Rosemberg Law","article_modified_time":"2024-07-18T03:42:19+00:00","og_image":[{"url":"https:\/\/rosemberglaw.com\/wp-content\/uploads\/2018\/06\/LATIN-AMERICA-HOME5.png","type":"","width":"","height":""}],"twitter_card":"summary_large_image","twitter_misc":{"Tiempo de lectura":"2 minutos"},"schema":{"@context":"https:\/\/schema.org","@graph":[{"@type":"WebPage","@id":"https:\/\/www.rosemberglaw.com\/es\/latin-america\/","url":"https:\/\/www.rosemberglaw.com\/es\/latin-america\/","name":"Latinoam\u00e9rica - Rosemberg Law","isPartOf":{"@id":"https:\/\/www.rosemberglaw.com\/#website"},"primaryImageOfPage":{"@id":"https:\/\/www.rosemberglaw.com\/es\/latin-america\/#primaryimage"},"image":{"@id":"https:\/\/www.rosemberglaw.com\/es\/latin-america\/#primaryimage"},"thumbnailUrl":"https:\/\/rosemberglaw.com\/wp-content\/uploads\/2018\/06\/LATIN-AMERICA-HOME5.png","datePublished":"2018-06-08T00:13:32+00:00","dateModified":"2024-07-18T03:42:19+00:00","description":"The Firm has experience in managing legal risk for wealthy and discreet families and individuals from Latin America and elsewhere.","breadcrumb":{"@id":"https:\/\/www.rosemberglaw.com\/es\/latin-america\/#breadcrumb"},"inLanguage":"es","potentialAction":[{"@type":"ReadAction","target":["https:\/\/www.rosemberglaw.com\/es\/latin-america\/"]}]},{"@type":"ImageObject","inLanguage":"es","@id":"https:\/\/www.rosemberglaw.com\/es\/latin-america\/#primaryimage","url":"https:\/\/rosemberglaw.com\/wp-content\/uploads\/2018\/06\/LATIN-AMERICA-HOME5.png","contentUrl":"https:\/\/rosemberglaw.com\/wp-content\/uploads\/2018\/06\/LATIN-AMERICA-HOME5.png"},{"@type":"BreadcrumbList","@id":"https:\/\/www.rosemberglaw.com\/es\/latin-america\/#breadcrumb","itemListElement":[{"@type":"ListItem","position":1,"name":"Home","item":"https:\/\/www.rosemberglaw.com\/es\/"},{"@type":"ListItem","position":2,"name":"Latinoam\u00e9rica"}]},{"@type":"WebSite","@id":"https:\/\/www.rosemberglaw.com\/#website","url":"https:\/\/www.rosemberglaw.com\/","name":"Rosemberg Law","description":"Boutique Litigation Firm.","potentialAction":[{"@type":"SearchAction","target":{"@type":"EntryPoint","urlTemplate":"https:\/\/www.rosemberglaw.com\/?s={search_term_string}"},"query-input":{"@type":"PropertyValueSpecification","valueRequired":true,"valueName":"search_term_string"}}],"inLanguage":"es"}]}},"jetpack_sharing_enabled":true,"_links":{"self":[{"href":"https:\/\/www.rosemberglaw.com\/es\/wp-json\/wp\/v2\/pages\/2066","targetHints":{"allow":["GET"]}}],"collection":[{"href":"https:\/\/www.rosemberglaw.com\/es\/wp-json\/wp\/v2\/pages"}],"about":[{"href":"https:\/\/www.rosemberglaw.com\/es\/wp-json\/wp\/v2\/types\/page"}],"author":[{"embeddable":true,"href":"https:\/\/www.rosemberglaw.com\/es\/wp-json\/wp\/v2\/users\/1"}],"replies":[{"embeddable":true,"href":"https:\/\/www.rosemberglaw.com\/es\/wp-json\/wp\/v2\/comments?post=2066"}],"version-history":[{"count":6,"href":"https:\/\/www.rosemberglaw.com\/es\/wp-json\/wp\/v2\/pages\/2066\/revisions"}],"predecessor-version":[{"id":3101,"href":"https:\/\/www.rosemberglaw.com\/es\/wp-json\/wp\/v2\/pages\/2066\/revisions\/3101"}],"wp:attachment":[{"href":"https:\/\/www.rosemberglaw.com\/es\/wp-json\/wp\/v2\/media?parent=2066"}],"curies":[{"name":"wp","href":"https:\/\/api.w.org\/{rel}","templated":true}]}}